{"id":165,"date":"2022-01-31T14:17:44","date_gmt":"2022-01-31T14:17:44","guid":{"rendered":"https:\/\/honore.ms.decms.eu\/notre-groupe\/"},"modified":"2024-01-03T08:51:27","modified_gmt":"2024-01-03T08:51:27","slug":"our-group","status":"publish","type":"page","link":"https:\/\/www.petit-saint-honore.com\/en\/our-group\/","title":{"rendered":"Our Group"},"content":{"rendered":"<p>&nbsp;<\/p>\n<p><img loading=\"lazy\" decoding=\"async\" class=\"alignnone size-medium wp-image-138\" src=\"https:\/\/honore.ms.decms.eu\/wp-content\/uploads\/sites\/400\/2022\/02\/Logos-ES-Hotels-Yachting-N\u00b02-300x150.png\" alt=\"\" width=\"300\" height=\"150\" srcset=\"https:\/\/www.petit-saint-honore.com\/wp-content\/uploads\/sites\/400\/2022\/02\/Logos-ES-Hotels-Yachting-N\u00b02-300x150.png 300w, https:\/\/www.petit-saint-honore.com\/wp-content\/uploads\/sites\/400\/2022\/02\/Logos-ES-Hotels-Yachting-N\u00b02-1024x512.png 1024w, https:\/\/www.petit-saint-honore.com\/wp-content\/uploads\/sites\/400\/2022\/02\/Logos-ES-Hotels-Yachting-N\u00b02-768x384.png 768w, https:\/\/www.petit-saint-honore.com\/wp-content\/uploads\/sites\/400\/2022\/02\/Logos-ES-Hotels-Yachting-N\u00b02-1536x768.png 1536w, https:\/\/www.petit-saint-honore.com\/wp-content\/uploads\/sites\/400\/2022\/02\/Logos-ES-Hotels-Yachting-N\u00b02-2048x1024.png 2048w, https:\/\/www.petit-saint-honore.com\/wp-content\/uploads\/sites\/400\/2022\/02\/Logos-ES-Hotels-Yachting-N\u00b02-600x300.png 600w, https:\/\/www.petit-saint-honore.com\/wp-content\/uploads\/sites\/400\/2022\/02\/Logos-ES-Hotels-Yachting-N\u00b02-1000x500.png 1000w\" sizes=\"auto, (max-width: 300px) 100vw, 300px\" \/>&nbsp;<\/p>\n<p style=\"text-align: center\">The French group ES H\u00d4TELS ET YACHTING specialises in the nautical and hotel industries, through which it upholds its values whereby people and environmental responsibility are central to its activities.<\/p>\n<p style=\"text-align: center\">Our employees work daily for hotels and dry ports and implement numerous initiatives in each sector to best protect the environment and aim for environmentally and socially conscious actions.<\/p>\n","protected":false},"excerpt":{"rendered":"<p>&nbsp; &nbsp; The French group ES H\u00d4TELS ET YACHTING specialises in the nautical and hotel industries, through which it upholds its values whereby people and environmental responsibility are central to its activities. Our employees work daily for hotels and dry ports and implement numerous initiatives in each sector to best protect the environment and aim [&hellip;]<\/p>\n","protected":false},"author":46,"featured_media":0,"parent":0,"menu_order":90,"comment_status":"closed","ping_status":"closed","template":"","meta":{"footnotes":""},"class_list":["post-165","page","type-page","status-publish","hentry"],"yoast_head":"<!-- This site is optimized with the Yoast SEO plugin v26.9 - https:\/\/yoast.com\/product\/yoast-seo-wordpress\/ -->\n<title>Our Group \u2013 ES H\u00f4tels &amp; Yachting<\/title>\n<meta name=\"description\" content=\"Welcome to the website of the H\u00f4tel Petit Saint-Honor\u00e9, a charming hotel in the 8th arrondissement at the very heart of Paris.\" \/>\n<meta name=\"robots\" content=\"index, follow, max-snippet:-1, max-image-preview:large, max-video-preview:-1\" \/>\n<link rel=\"canonical\" href=\"https:\/\/www.petit-saint-honore.com\/en\/our-group\/\" \/>\n<meta property=\"og:locale\" content=\"en_US\" \/>\n<meta property=\"og:type\" content=\"article\" \/>\n<meta property=\"og:title\" content=\"Our Group \u2013 ES H\u00f4tels &amp; Yachting\" \/>\n<meta property=\"og:description\" content=\"Welcome to the website of the H\u00f4tel Petit Saint-Honor\u00e9, a charming hotel in the 8th arrondissement at the very heart of Paris.\" \/>\n<meta property=\"og:url\" content=\"https:\/\/www.petit-saint-honore.com\/en\/our-group\/\" \/>\n<meta property=\"og:site_name\" content=\"Hotel Saint Honor\u00e9 Paris\" \/>\n<meta property=\"article:modified_time\" content=\"2024-01-03T08:51:27+00:00\" \/>\n<meta name=\"twitter:card\" content=\"summary_large_image\" \/>\n<meta name=\"twitter:label1\" content=\"Est. reading time\" \/>\n\t<meta name=\"twitter:data1\" content=\"1 minute\" \/>\n<script type=\"application\/ld+json\" class=\"yoast-schema-graph\">{\"@context\":\"https:\/\/schema.org\",\"@graph\":[{\"@type\":\"WebPage\",\"@id\":\"https:\/\/www.petit-saint-honore.com\/en\/our-group\/\",\"url\":\"https:\/\/www.petit-saint-honore.com\/en\/our-group\/\",\"name\":\"Our Group \u2013 ES H\u00f4tels & Yachting\",\"isPartOf\":{\"@id\":\"https:\/\/www.petit-saint-honore.com\/en\/#website\"},\"datePublished\":\"2022-01-31T14:17:44+00:00\",\"dateModified\":\"2024-01-03T08:51:27+00:00\",\"description\":\"Welcome to the website of the H\u00f4tel Petit Saint-Honor\u00e9, a charming hotel in the 8th arrondissement at the very heart of Paris.\",\"breadcrumb\":{\"@id\":\"https:\/\/www.petit-saint-honore.com\/en\/our-group\/#breadcrumb\"},\"inLanguage\":\"en-US\",\"potentialAction\":[{\"@type\":\"ReadAction\",\"target\":[\"https:\/\/www.petit-saint-honore.com\/en\/our-group\/\"]}]},{\"@type\":\"BreadcrumbList\",\"@id\":\"https:\/\/www.petit-saint-honore.com\/en\/our-group\/#breadcrumb\",\"itemListElement\":[{\"@type\":\"ListItem\",\"position\":1,\"name\":\"Home\",\"item\":\"https:\/\/www.petit-saint-honore.com\/en\/\"},{\"@type\":\"ListItem\",\"position\":2,\"name\":\"Our Group\"}]},{\"@type\":\"WebSite\",\"@id\":\"https:\/\/www.petit-saint-honore.com\/en\/#website\",\"url\":\"https:\/\/www.petit-saint-honore.com\/en\/\",\"name\":\"Hotel Saint Honor\u00e9 Paris\",\"description\":\"\",\"potentialAction\":[{\"@type\":\"SearchAction\",\"target\":{\"@type\":\"EntryPoint\",\"urlTemplate\":\"https:\/\/www.petit-saint-honore.com\/en\/?s={search_term_string}\"},\"query-input\":{\"@type\":\"PropertyValueSpecification\",\"valueRequired\":true,\"valueName\":\"search_term_string\"}}],\"inLanguage\":\"en-US\"}]}<\/script>\n<!-- \/ Yoast SEO plugin. -->","yoast_head_json":{"title":"Our Group \u2013 ES H\u00f4tels & Yachting","description":"Welcome to the website of the H\u00f4tel Petit Saint-Honor\u00e9, a charming hotel in the 8th arrondissement at the very heart of Paris.","robots":{"index":"index","follow":"follow","max-snippet":"max-snippet:-1","max-image-preview":"max-image-preview:large","max-video-preview":"max-video-preview:-1"},"canonical":"https:\/\/www.petit-saint-honore.com\/en\/our-group\/","og_locale":"en_US","og_type":"article","og_title":"Our Group \u2013 ES H\u00f4tels & Yachting","og_description":"Welcome to the website of the H\u00f4tel Petit Saint-Honor\u00e9, a charming hotel in the 8th arrondissement at the very heart of Paris.","og_url":"https:\/\/www.petit-saint-honore.com\/en\/our-group\/","og_site_name":"Hotel Saint Honor\u00e9 Paris","article_modified_time":"2024-01-03T08:51:27+00:00","twitter_card":"summary_large_image","twitter_misc":{"Est. reading time":"1 minute"},"schema":{"@context":"https:\/\/schema.org","@graph":[{"@type":"WebPage","@id":"https:\/\/www.petit-saint-honore.com\/en\/our-group\/","url":"https:\/\/www.petit-saint-honore.com\/en\/our-group\/","name":"Our Group \u2013 ES H\u00f4tels & Yachting","isPartOf":{"@id":"https:\/\/www.petit-saint-honore.com\/en\/#website"},"datePublished":"2022-01-31T14:17:44+00:00","dateModified":"2024-01-03T08:51:27+00:00","description":"Welcome to the website of the H\u00f4tel Petit Saint-Honor\u00e9, a charming hotel in the 8th arrondissement at the very heart of Paris.","breadcrumb":{"@id":"https:\/\/www.petit-saint-honore.com\/en\/our-group\/#breadcrumb"},"inLanguage":"en-US","potentialAction":[{"@type":"ReadAction","target":["https:\/\/www.petit-saint-honore.com\/en\/our-group\/"]}]},{"@type":"BreadcrumbList","@id":"https:\/\/www.petit-saint-honore.com\/en\/our-group\/#breadcrumb","itemListElement":[{"@type":"ListItem","position":1,"name":"Home","item":"https:\/\/www.petit-saint-honore.com\/en\/"},{"@type":"ListItem","position":2,"name":"Our Group"}]},{"@type":"WebSite","@id":"https:\/\/www.petit-saint-honore.com\/en\/#website","url":"https:\/\/www.petit-saint-honore.com\/en\/","name":"Hotel Saint Honor\u00e9 Paris","description":"","potentialAction":[{"@type":"SearchAction","target":{"@type":"EntryPoint","urlTemplate":"https:\/\/www.petit-saint-honore.com\/en\/?s={search_term_string}"},"query-input":{"@type":"PropertyValueSpecification","valueRequired":true,"valueName":"search_term_string"}}],"inLanguage":"en-US"}]}},"acf":[],"_links":{"self":[{"href":"https:\/\/www.petit-saint-honore.com\/en\/wp-json\/wp\/v2\/pages\/165","targetHints":{"allow":["GET"]}}],"collection":[{"href":"https:\/\/www.petit-saint-honore.com\/en\/wp-json\/wp\/v2\/pages"}],"about":[{"href":"https:\/\/www.petit-saint-honore.com\/en\/wp-json\/wp\/v2\/types\/page"}],"author":[{"embeddable":true,"href":"https:\/\/www.petit-saint-honore.com\/en\/wp-json\/wp\/v2\/users\/46"}],"replies":[{"embeddable":true,"href":"https:\/\/www.petit-saint-honore.com\/en\/wp-json\/wp\/v2\/comments?post=165"}],"version-history":[{"count":0,"href":"https:\/\/www.petit-saint-honore.com\/en\/wp-json\/wp\/v2\/pages\/165\/revisions"}],"wp:attachment":[{"href":"https:\/\/www.petit-saint-honore.com\/en\/wp-json\/wp\/v2\/media?parent=165"}],"curies":[{"name":"wp","href":"https:\/\/api.w.org\/{rel}","templated":true}]}}