{"id":154,"date":"2022-01-31T13:57:28","date_gmt":"2022-01-31T13:57:28","guid":{"rendered":"https:\/\/honore.ms.decms.eu\/un-hotel-au-coeur-de-paris\/"},"modified":"2022-03-04T13:37:22","modified_gmt":"2022-03-04T13:37:22","slug":"a-hotel-at-the-heart-of-paris","status":"publish","type":"page","link":"https:\/\/www.petit-saint-honore.com\/en\/a-hotel-at-the-heart-of-paris\/","title":{"rendered":"A hotel at the heart of Paris"},"content":{"rendered":"<p style=\"text-align: center;\">The H\u00f4tel Petit Saint-Honor\u00e9 is located at the historic and cultural heart of Paris. It enjoys an exceptional location, allowing guests to quickly travel around Paris proper, as well as the outskirts of the city, making it easy to explore all its tourist and cultural treasures.<\/p>\n<h2 style=\"text-align: center;\">A stone\u2019s throw from the Champs-\u00c9lys\u00e9es, the most beautiful avenue in the world<\/h2>\n<p style=\"text-align: center;\">Less than 15 minutes on foot from the H\u00f4tel Petit Saint-Honor\u00e9, the avenue des Champs-\u00c9lys\u00e9es is a must-visit for any tour of the capital. A symbol of Paris, located between the Arc de Triomphe and the place de la Concorde, the most beautiful avenue in the world is overflowing with points of interest for tourists and Parisians alike. You\u2019ll find a host of restaurants, luxury brands (Louis Vuitton, Mont-Blanc, Ferrari showroom and more), various boutiques and nightclubs.<\/p>\n<h2 style=\"text-align: center;\">The finest monuments and historic and cultural sites in Paris<\/h2>\n<p style=\"text-align: center;\">Located in central Paris, the H\u00f4tel Petit Saint-Honor\u00e9 enjoys direct access to nearly all the capital\u2019s monuments and historic and cultural sites, including:<br \/>\n\u2022 La Place de la Concorde, voisine du Mus\u00e9e du Louvre en empruntant le jardin des Tuileries<br \/>\n\u2022 the Place de la Concorde, next to the Louvre Museum through the Tuileries Gardens<br \/>\n\u2022 the Arc de Triomphe, along the Champs-\u00c9lys\u00e9es<br \/>\n\u2022 the Eiffel Tower<br \/>\n\u2022 the Op\u00e9ra Garnier<br \/>\n\u2022 the Grand and Petit Palais<br \/>\n\u2022 the Place Vend\u00f4me<br \/>\n\u2022 the Palais de la D\u00e9couverte<\/p>\n<p style=\"text-align: center;\">The H\u00f4tel Petit Saint-Honor\u00e9 is situated in the famed theatre district in western Paris, with the Th\u00e9\u00e2tre des Champs-Elys\u00e9es, the Th\u00e9\u00e2tre du Rond-point, the Th\u00e9\u00e2tre Marigny and the Th\u00e9\u00e2tre des Mathurins.<\/p>\n<h2 style=\"text-align: center;\">Fashion and shopping district<\/h2>\n<p style=\"text-align: center;\">At the heart of the Golden Triangle of Paris haute couture, the H\u00f4tel Petit Saint-Honor\u00e9 is a treat for fashion and luxury fans. The most prestigious brands have long been located along the luxury rue du Faubourg Saint-Honor\u00e9 and the avenue Montaigne, including Christian Dior, Chanel, Louis Vuitton and Gucci.<br \/>\nLovers of shopping can continue their purchases at the famous Galeries Lafayette or Printemps, located just a stone\u2019s throw from the H\u00f4tel Petit Saint-Honor\u00e9.<\/p>\n<h2 style=\"text-align: center;\">A central hotel offering convenient access to the outskirts of the city<\/h2>\n<p style=\"text-align: center;\">The H\u00f4tel Petit Saint-Honor\u00e9 enjoys fast access to the capital\u2019s different business centres and trade show venues (Paris Expo Porte de Versailles, Palais des Congr\u00e8s, Espace Grand Arche, Palais Brongniart, etc.). La D\u00e9fense, and all the headquarters of major French and international businesses, are just 20 minutes away by public transport!<\/p>\n","protected":false},"excerpt":{"rendered":"<p>The H\u00f4tel Petit Saint-Honor\u00e9 is located at the historic and cultural heart of Paris. It enjoys an exceptional location, allowing guests to quickly travel around Paris proper, as well as the outskirts of the city, making it easy to explore all its tourist and cultural treasures. A stone\u2019s throw from the Champs-\u00c9lys\u00e9es, the most beautiful [&hellip;]<\/p>\n","protected":false},"author":46,"featured_media":0,"parent":0,"menu_order":60,"comment_status":"closed","ping_status":"closed","template":"","meta":{"footnotes":""},"class_list":["post-154","page","type-page","status-publish","hentry"],"yoast_head":"<!-- This site is optimized with the Yoast SEO plugin v26.9 - https:\/\/yoast.com\/product\/yoast-seo-wordpress\/ -->\n<title>A hotel at the heart of Paris | H\u00f4tel Petit Saint-Honor\u00e9, Paris 8th<\/title>\n<meta name=\"description\" content=\"Make the most of your stay at the H\u00f4tel Petit Saint-Honor\u00e9 to explore Paris, the most beautiful city in the world.\" \/>\n<meta name=\"robots\" content=\"index, follow, max-snippet:-1, max-image-preview:large, max-video-preview:-1\" \/>\n<link rel=\"canonical\" href=\"https:\/\/www.petit-saint-honore.com\/en\/a-hotel-at-the-heart-of-paris\/\" \/>\n<meta property=\"og:locale\" content=\"en_US\" \/>\n<meta property=\"og:type\" content=\"article\" \/>\n<meta property=\"og:title\" content=\"A hotel at the heart of Paris | H\u00f4tel Petit Saint-Honor\u00e9, Paris 8th\" \/>\n<meta property=\"og:description\" content=\"Make the most of your stay at the H\u00f4tel Petit Saint-Honor\u00e9 to explore Paris, the most beautiful city in the world.\" \/>\n<meta property=\"og:url\" content=\"https:\/\/www.petit-saint-honore.com\/en\/a-hotel-at-the-heart-of-paris\/\" \/>\n<meta property=\"og:site_name\" content=\"Hotel Saint Honor\u00e9 Paris\" \/>\n<meta property=\"article:modified_time\" content=\"2022-03-04T13:37:22+00:00\" \/>\n<meta name=\"twitter:card\" content=\"summary_large_image\" \/>\n<meta name=\"twitter:label1\" content=\"Est. reading time\" \/>\n\t<meta name=\"twitter:data1\" content=\"2 minutes\" \/>\n<script type=\"application\/ld+json\" class=\"yoast-schema-graph\">{\"@context\":\"https:\/\/schema.org\",\"@graph\":[{\"@type\":\"WebPage\",\"@id\":\"https:\/\/www.petit-saint-honore.com\/en\/a-hotel-at-the-heart-of-paris\/\",\"url\":\"https:\/\/www.petit-saint-honore.com\/en\/a-hotel-at-the-heart-of-paris\/\",\"name\":\"A hotel at the heart of Paris | H\u00f4tel Petit Saint-Honor\u00e9, Paris 8th\",\"isPartOf\":{\"@id\":\"https:\/\/www.petit-saint-honore.com\/en\/#website\"},\"datePublished\":\"2022-01-31T13:57:28+00:00\",\"dateModified\":\"2022-03-04T13:37:22+00:00\",\"description\":\"Make the most of your stay at the H\u00f4tel Petit Saint-Honor\u00e9 to explore Paris, the most beautiful city in the world.\",\"breadcrumb\":{\"@id\":\"https:\/\/www.petit-saint-honore.com\/en\/a-hotel-at-the-heart-of-paris\/#breadcrumb\"},\"inLanguage\":\"en-US\",\"potentialAction\":[{\"@type\":\"ReadAction\",\"target\":[\"https:\/\/www.petit-saint-honore.com\/en\/a-hotel-at-the-heart-of-paris\/\"]}]},{\"@type\":\"BreadcrumbList\",\"@id\":\"https:\/\/www.petit-saint-honore.com\/en\/a-hotel-at-the-heart-of-paris\/#breadcrumb\",\"itemListElement\":[{\"@type\":\"ListItem\",\"position\":1,\"name\":\"Home\",\"item\":\"https:\/\/www.petit-saint-honore.com\/en\/\"},{\"@type\":\"ListItem\",\"position\":2,\"name\":\"A hotel at the heart of Paris\"}]},{\"@type\":\"WebSite\",\"@id\":\"https:\/\/www.petit-saint-honore.com\/en\/#website\",\"url\":\"https:\/\/www.petit-saint-honore.com\/en\/\",\"name\":\"Hotel Saint Honor\u00e9 Paris\",\"description\":\"\",\"potentialAction\":[{\"@type\":\"SearchAction\",\"target\":{\"@type\":\"EntryPoint\",\"urlTemplate\":\"https:\/\/www.petit-saint-honore.com\/en\/?s={search_term_string}\"},\"query-input\":{\"@type\":\"PropertyValueSpecification\",\"valueRequired\":true,\"valueName\":\"search_term_string\"}}],\"inLanguage\":\"en-US\"}]}<\/script>\n<!-- \/ Yoast SEO plugin. -->","yoast_head_json":{"title":"A hotel at the heart of Paris | H\u00f4tel Petit Saint-Honor\u00e9, Paris 8th","description":"Make the most of your stay at the H\u00f4tel Petit Saint-Honor\u00e9 to explore Paris, the most beautiful city in the world.","robots":{"index":"index","follow":"follow","max-snippet":"max-snippet:-1","max-image-preview":"max-image-preview:large","max-video-preview":"max-video-preview:-1"},"canonical":"https:\/\/www.petit-saint-honore.com\/en\/a-hotel-at-the-heart-of-paris\/","og_locale":"en_US","og_type":"article","og_title":"A hotel at the heart of Paris | H\u00f4tel Petit Saint-Honor\u00e9, Paris 8th","og_description":"Make the most of your stay at the H\u00f4tel Petit Saint-Honor\u00e9 to explore Paris, the most beautiful city in the world.","og_url":"https:\/\/www.petit-saint-honore.com\/en\/a-hotel-at-the-heart-of-paris\/","og_site_name":"Hotel Saint Honor\u00e9 Paris","article_modified_time":"2022-03-04T13:37:22+00:00","twitter_card":"summary_large_image","twitter_misc":{"Est. reading time":"2 minutes"},"schema":{"@context":"https:\/\/schema.org","@graph":[{"@type":"WebPage","@id":"https:\/\/www.petit-saint-honore.com\/en\/a-hotel-at-the-heart-of-paris\/","url":"https:\/\/www.petit-saint-honore.com\/en\/a-hotel-at-the-heart-of-paris\/","name":"A hotel at the heart of Paris | H\u00f4tel Petit Saint-Honor\u00e9, Paris 8th","isPartOf":{"@id":"https:\/\/www.petit-saint-honore.com\/en\/#website"},"datePublished":"2022-01-31T13:57:28+00:00","dateModified":"2022-03-04T13:37:22+00:00","description":"Make the most of your stay at the H\u00f4tel Petit Saint-Honor\u00e9 to explore Paris, the most beautiful city in the world.","breadcrumb":{"@id":"https:\/\/www.petit-saint-honore.com\/en\/a-hotel-at-the-heart-of-paris\/#breadcrumb"},"inLanguage":"en-US","potentialAction":[{"@type":"ReadAction","target":["https:\/\/www.petit-saint-honore.com\/en\/a-hotel-at-the-heart-of-paris\/"]}]},{"@type":"BreadcrumbList","@id":"https:\/\/www.petit-saint-honore.com\/en\/a-hotel-at-the-heart-of-paris\/#breadcrumb","itemListElement":[{"@type":"ListItem","position":1,"name":"Home","item":"https:\/\/www.petit-saint-honore.com\/en\/"},{"@type":"ListItem","position":2,"name":"A hotel at the heart of Paris"}]},{"@type":"WebSite","@id":"https:\/\/www.petit-saint-honore.com\/en\/#website","url":"https:\/\/www.petit-saint-honore.com\/en\/","name":"Hotel Saint Honor\u00e9 Paris","description":"","potentialAction":[{"@type":"SearchAction","target":{"@type":"EntryPoint","urlTemplate":"https:\/\/www.petit-saint-honore.com\/en\/?s={search_term_string}"},"query-input":{"@type":"PropertyValueSpecification","valueRequired":true,"valueName":"search_term_string"}}],"inLanguage":"en-US"}]}},"acf":[],"_links":{"self":[{"href":"https:\/\/www.petit-saint-honore.com\/en\/wp-json\/wp\/v2\/pages\/154","targetHints":{"allow":["GET"]}}],"collection":[{"href":"https:\/\/www.petit-saint-honore.com\/en\/wp-json\/wp\/v2\/pages"}],"about":[{"href":"https:\/\/www.petit-saint-honore.com\/en\/wp-json\/wp\/v2\/types\/page"}],"author":[{"embeddable":true,"href":"https:\/\/www.petit-saint-honore.com\/en\/wp-json\/wp\/v2\/users\/46"}],"replies":[{"embeddable":true,"href":"https:\/\/www.petit-saint-honore.com\/en\/wp-json\/wp\/v2\/comments?post=154"}],"version-history":[{"count":0,"href":"https:\/\/www.petit-saint-honore.com\/en\/wp-json\/wp\/v2\/pages\/154\/revisions"}],"wp:attachment":[{"href":"https:\/\/www.petit-saint-honore.com\/en\/wp-json\/wp\/v2\/media?parent=154"}],"curies":[{"name":"wp","href":"https:\/\/api.w.org\/{rel}","templated":true}]}}