{"id":152,"date":"2022-01-31T13:54:14","date_gmt":"2022-01-31T13:54:14","guid":{"rendered":"https:\/\/honore.ms.decms.eu\/our-services\/le-petit-dejeuner\/"},"modified":"2022-03-04T13:31:22","modified_gmt":"2022-03-04T13:31:22","slug":"breakfast","status":"publish","type":"page","link":"https:\/\/www.petit-saint-honore.com\/en\/our-services\/breakfast\/","title":{"rendered":"Breakfast"},"content":{"rendered":"<p>Enjoy a buffet-style breakfast:<\/p>\n<p>Every day from 7 am to 11 am<\/p>\n","protected":false},"excerpt":{"rendered":"<p>Enjoy a buffet-style breakfast: Every day from 7 am to 11 am<\/p>\n","protected":false},"author":46,"featured_media":0,"parent":150,"menu_order":310,"comment_status":"closed","ping_status":"closed","template":"template-default-2.php","meta":{"footnotes":""},"class_list":["post-152","page","type-page","status-publish","hentry"],"yoast_head":"<!-- This site is optimized with the Yoast SEO plugin v26.9 - https:\/\/yoast.com\/product\/yoast-seo-wordpress\/ -->\n<title>Breakfast | H\u00f4tel Petit Saint-Honor\u00e9, Paris 8th<\/title>\n<meta name=\"description\" content=\"Discover the Breakfast service at the H\u00f4tel Petit Saint-Honor\u00e9, Paris 8th.\" \/>\n<meta name=\"robots\" content=\"index, follow, max-snippet:-1, max-image-preview:large, max-video-preview:-1\" \/>\n<link rel=\"canonical\" href=\"https:\/\/www.petit-saint-honore.com\/en\/our-services\/breakfast\/\" \/>\n<meta property=\"og:locale\" content=\"en_US\" \/>\n<meta property=\"og:type\" content=\"article\" \/>\n<meta property=\"og:title\" content=\"Breakfast | H\u00f4tel Petit Saint-Honor\u00e9, Paris 8th\" \/>\n<meta property=\"og:description\" content=\"Discover the Breakfast service at the H\u00f4tel Petit Saint-Honor\u00e9, Paris 8th.\" \/>\n<meta property=\"og:url\" content=\"https:\/\/www.petit-saint-honore.com\/en\/our-services\/breakfast\/\" \/>\n<meta property=\"og:site_name\" content=\"Hotel Saint Honor\u00e9 Paris\" \/>\n<meta property=\"article:modified_time\" content=\"2022-03-04T13:31:22+00:00\" \/>\n<meta name=\"twitter:card\" content=\"summary_large_image\" \/>\n<meta name=\"twitter:label1\" content=\"Est. reading time\" \/>\n\t<meta name=\"twitter:data1\" content=\"1 minute\" \/>\n<script type=\"application\/ld+json\" class=\"yoast-schema-graph\">{\"@context\":\"https:\/\/schema.org\",\"@graph\":[{\"@type\":\"WebPage\",\"@id\":\"https:\/\/www.petit-saint-honore.com\/en\/our-services\/breakfast\/\",\"url\":\"https:\/\/www.petit-saint-honore.com\/en\/our-services\/breakfast\/\",\"name\":\"Breakfast | H\u00f4tel Petit Saint-Honor\u00e9, Paris 8th\",\"isPartOf\":{\"@id\":\"https:\/\/www.petit-saint-honore.com\/en\/#website\"},\"datePublished\":\"2022-01-31T13:54:14+00:00\",\"dateModified\":\"2022-03-04T13:31:22+00:00\",\"description\":\"Discover the Breakfast service at the H\u00f4tel Petit Saint-Honor\u00e9, Paris 8th.\",\"breadcrumb\":{\"@id\":\"https:\/\/www.petit-saint-honore.com\/en\/our-services\/breakfast\/#breadcrumb\"},\"inLanguage\":\"en-US\",\"potentialAction\":[{\"@type\":\"ReadAction\",\"target\":[\"https:\/\/www.petit-saint-honore.com\/en\/our-services\/breakfast\/\"]}]},{\"@type\":\"BreadcrumbList\",\"@id\":\"https:\/\/www.petit-saint-honore.com\/en\/our-services\/breakfast\/#breadcrumb\",\"itemListElement\":[{\"@type\":\"ListItem\",\"position\":1,\"name\":\"Home\",\"item\":\"https:\/\/www.petit-saint-honore.com\/en\/\"},{\"@type\":\"ListItem\",\"position\":2,\"name\":\"Our Services\",\"item\":\"https:\/\/www.petit-saint-honore.com\/en\/our-services\/\"},{\"@type\":\"ListItem\",\"position\":3,\"name\":\"Breakfast\"}]},{\"@type\":\"WebSite\",\"@id\":\"https:\/\/www.petit-saint-honore.com\/en\/#website\",\"url\":\"https:\/\/www.petit-saint-honore.com\/en\/\",\"name\":\"Hotel Saint Honor\u00e9 Paris\",\"description\":\"\",\"potentialAction\":[{\"@type\":\"SearchAction\",\"target\":{\"@type\":\"EntryPoint\",\"urlTemplate\":\"https:\/\/www.petit-saint-honore.com\/en\/?s={search_term_string}\"},\"query-input\":{\"@type\":\"PropertyValueSpecification\",\"valueRequired\":true,\"valueName\":\"search_term_string\"}}],\"inLanguage\":\"en-US\"}]}<\/script>\n<!-- \/ Yoast SEO plugin. -->","yoast_head_json":{"title":"Breakfast | H\u00f4tel Petit Saint-Honor\u00e9, Paris 8th","description":"Discover the Breakfast service at the H\u00f4tel Petit Saint-Honor\u00e9, Paris 8th.","robots":{"index":"index","follow":"follow","max-snippet":"max-snippet:-1","max-image-preview":"max-image-preview:large","max-video-preview":"max-video-preview:-1"},"canonical":"https:\/\/www.petit-saint-honore.com\/en\/our-services\/breakfast\/","og_locale":"en_US","og_type":"article","og_title":"Breakfast | H\u00f4tel Petit Saint-Honor\u00e9, Paris 8th","og_description":"Discover the Breakfast service at the H\u00f4tel Petit Saint-Honor\u00e9, Paris 8th.","og_url":"https:\/\/www.petit-saint-honore.com\/en\/our-services\/breakfast\/","og_site_name":"Hotel Saint Honor\u00e9 Paris","article_modified_time":"2022-03-04T13:31:22+00:00","twitter_card":"summary_large_image","twitter_misc":{"Est. reading time":"1 minute"},"schema":{"@context":"https:\/\/schema.org","@graph":[{"@type":"WebPage","@id":"https:\/\/www.petit-saint-honore.com\/en\/our-services\/breakfast\/","url":"https:\/\/www.petit-saint-honore.com\/en\/our-services\/breakfast\/","name":"Breakfast | H\u00f4tel Petit Saint-Honor\u00e9, Paris 8th","isPartOf":{"@id":"https:\/\/www.petit-saint-honore.com\/en\/#website"},"datePublished":"2022-01-31T13:54:14+00:00","dateModified":"2022-03-04T13:31:22+00:00","description":"Discover the Breakfast service at the H\u00f4tel Petit Saint-Honor\u00e9, Paris 8th.","breadcrumb":{"@id":"https:\/\/www.petit-saint-honore.com\/en\/our-services\/breakfast\/#breadcrumb"},"inLanguage":"en-US","potentialAction":[{"@type":"ReadAction","target":["https:\/\/www.petit-saint-honore.com\/en\/our-services\/breakfast\/"]}]},{"@type":"BreadcrumbList","@id":"https:\/\/www.petit-saint-honore.com\/en\/our-services\/breakfast\/#breadcrumb","itemListElement":[{"@type":"ListItem","position":1,"name":"Home","item":"https:\/\/www.petit-saint-honore.com\/en\/"},{"@type":"ListItem","position":2,"name":"Our Services","item":"https:\/\/www.petit-saint-honore.com\/en\/our-services\/"},{"@type":"ListItem","position":3,"name":"Breakfast"}]},{"@type":"WebSite","@id":"https:\/\/www.petit-saint-honore.com\/en\/#website","url":"https:\/\/www.petit-saint-honore.com\/en\/","name":"Hotel Saint Honor\u00e9 Paris","description":"","potentialAction":[{"@type":"SearchAction","target":{"@type":"EntryPoint","urlTemplate":"https:\/\/www.petit-saint-honore.com\/en\/?s={search_term_string}"},"query-input":{"@type":"PropertyValueSpecification","valueRequired":true,"valueName":"search_term_string"}}],"inLanguage":"en-US"}]}},"acf":[],"_links":{"self":[{"href":"https:\/\/www.petit-saint-honore.com\/en\/wp-json\/wp\/v2\/pages\/152","targetHints":{"allow":["GET"]}}],"collection":[{"href":"https:\/\/www.petit-saint-honore.com\/en\/wp-json\/wp\/v2\/pages"}],"about":[{"href":"https:\/\/www.petit-saint-honore.com\/en\/wp-json\/wp\/v2\/types\/page"}],"author":[{"embeddable":true,"href":"https:\/\/www.petit-saint-honore.com\/en\/wp-json\/wp\/v2\/users\/46"}],"replies":[{"embeddable":true,"href":"https:\/\/www.petit-saint-honore.com\/en\/wp-json\/wp\/v2\/comments?post=152"}],"version-history":[{"count":0,"href":"https:\/\/www.petit-saint-honore.com\/en\/wp-json\/wp\/v2\/pages\/152\/revisions"}],"up":[{"embeddable":true,"href":"https:\/\/www.petit-saint-honore.com\/en\/wp-json\/wp\/v2\/pages\/150"}],"wp:attachment":[{"href":"https:\/\/www.petit-saint-honore.com\/en\/wp-json\/wp\/v2\/media?parent=152"}],"curies":[{"name":"wp","href":"https:\/\/api.w.org\/{rel}","templated":true}]}}