{"id":146,"date":"2022-01-31T13:18:42","date_gmt":"2022-01-31T13:18:42","guid":{"rendered":"https:\/\/honore.ms.decms.eu\/our-rooms\/chambre-twin-confort\/"},"modified":"2022-03-17T16:01:26","modified_gmt":"2022-03-17T16:01:26","slug":"twin-comfort-room","status":"publish","type":"page","link":"https:\/\/www.petit-saint-honore.com\/en\/our-rooms\/twin-comfort-room\/","title":{"rendered":"Twin Comfort Room"},"content":{"rendered":"<p>The H\u00f4tel Petit Saint-Honor\u00e9 offers twin \u201ccomfort\u201d rooms.<\/p>\n<p>Equipped with 2 single beds (90 cm), our twin \u201ccomfort\u201d rooms are ideal for tourist stays or business trips. The rooms measure 12 m2 and have comfortable bedding.<\/p>\n<p>The private bathroom is equipped with a shower, WC and a hair dryer on demand.<\/p>\n","protected":false},"excerpt":{"rendered":"<p>The H\u00f4tel Petit Saint-Honor\u00e9 offers twin \u201ccomfort\u201d rooms. Equipped with 2 single beds (90 cm), our twin \u201ccomfort\u201d rooms are ideal for tourist stays or business trips. The rooms measure 12 m2 and have comfortable bedding. The private bathroom is equipped with a shower, WC and a hair dryer on demand.<\/p>\n","protected":false},"author":46,"featured_media":0,"parent":143,"menu_order":30,"comment_status":"closed","ping_status":"closed","template":"template-single-room.php","meta":{"footnotes":""},"class_list":["post-146","page","type-page","status-publish","hentry"],"yoast_head":"<!-- This site is optimized with the Yoast SEO plugin v26.9 - https:\/\/yoast.com\/product\/yoast-seo-wordpress\/ -->\n<title>Twin Comfort Room | H\u00f4tel Petit Saint-Honor\u00e9, Paris 8th<\/title>\n<meta name=\"description\" content=\"Enjoy your stay in one of the Twin Comfort Room at the H\u00f4tel Petit Saint-Honor\u00e9, Paris 8th. Book now!\" \/>\n<meta name=\"robots\" content=\"index, follow, max-snippet:-1, max-image-preview:large, max-video-preview:-1\" \/>\n<link rel=\"canonical\" href=\"https:\/\/www.petit-saint-honore.com\/en\/our-rooms\/twin-comfort-room\/\" \/>\n<meta property=\"og:locale\" content=\"en_US\" \/>\n<meta property=\"og:type\" content=\"article\" \/>\n<meta property=\"og:title\" content=\"Twin Comfort Room | H\u00f4tel Petit Saint-Honor\u00e9, Paris 8th\" \/>\n<meta property=\"og:description\" content=\"Enjoy your stay in one of the Twin Comfort Room at the H\u00f4tel Petit Saint-Honor\u00e9, Paris 8th. Book now!\" \/>\n<meta property=\"og:url\" content=\"https:\/\/www.petit-saint-honore.com\/en\/our-rooms\/twin-comfort-room\/\" \/>\n<meta property=\"og:site_name\" content=\"Hotel Saint Honor\u00e9 Paris\" \/>\n<meta property=\"article:modified_time\" content=\"2022-03-17T16:01:26+00:00\" \/>\n<meta name=\"twitter:card\" content=\"summary_large_image\" \/>\n<meta name=\"twitter:label1\" content=\"Est. reading time\" \/>\n\t<meta name=\"twitter:data1\" content=\"1 minute\" \/>\n<script type=\"application\/ld+json\" class=\"yoast-schema-graph\">{\"@context\":\"https:\/\/schema.org\",\"@graph\":[{\"@type\":\"WebPage\",\"@id\":\"https:\/\/www.petit-saint-honore.com\/en\/our-rooms\/twin-comfort-room\/\",\"url\":\"https:\/\/www.petit-saint-honore.com\/en\/our-rooms\/twin-comfort-room\/\",\"name\":\"Twin Comfort Room | H\u00f4tel Petit Saint-Honor\u00e9, Paris 8th\",\"isPartOf\":{\"@id\":\"https:\/\/www.petit-saint-honore.com\/en\/#website\"},\"datePublished\":\"2022-01-31T13:18:42+00:00\",\"dateModified\":\"2022-03-17T16:01:26+00:00\",\"description\":\"Enjoy your stay in one of the Twin Comfort Room at the H\u00f4tel Petit Saint-Honor\u00e9, Paris 8th. Book now!\",\"breadcrumb\":{\"@id\":\"https:\/\/www.petit-saint-honore.com\/en\/our-rooms\/twin-comfort-room\/#breadcrumb\"},\"inLanguage\":\"en-US\",\"potentialAction\":[{\"@type\":\"ReadAction\",\"target\":[\"https:\/\/www.petit-saint-honore.com\/en\/our-rooms\/twin-comfort-room\/\"]}]},{\"@type\":\"BreadcrumbList\",\"@id\":\"https:\/\/www.petit-saint-honore.com\/en\/our-rooms\/twin-comfort-room\/#breadcrumb\",\"itemListElement\":[{\"@type\":\"ListItem\",\"position\":1,\"name\":\"Home\",\"item\":\"https:\/\/www.petit-saint-honore.com\/en\/\"},{\"@type\":\"ListItem\",\"position\":2,\"name\":\"Our rooms\",\"item\":\"https:\/\/www.petit-saint-honore.com\/en\/our-rooms\/\"},{\"@type\":\"ListItem\",\"position\":3,\"name\":\"Twin Comfort Room\"}]},{\"@type\":\"WebSite\",\"@id\":\"https:\/\/www.petit-saint-honore.com\/en\/#website\",\"url\":\"https:\/\/www.petit-saint-honore.com\/en\/\",\"name\":\"Hotel Saint Honor\u00e9 Paris\",\"description\":\"\",\"potentialAction\":[{\"@type\":\"SearchAction\",\"target\":{\"@type\":\"EntryPoint\",\"urlTemplate\":\"https:\/\/www.petit-saint-honore.com\/en\/?s={search_term_string}\"},\"query-input\":{\"@type\":\"PropertyValueSpecification\",\"valueRequired\":true,\"valueName\":\"search_term_string\"}}],\"inLanguage\":\"en-US\"}]}<\/script>\n<!-- \/ Yoast SEO plugin. -->","yoast_head_json":{"title":"Twin Comfort Room | H\u00f4tel Petit Saint-Honor\u00e9, Paris 8th","description":"Enjoy your stay in one of the Twin Comfort Room at the H\u00f4tel Petit Saint-Honor\u00e9, Paris 8th. Book now!","robots":{"index":"index","follow":"follow","max-snippet":"max-snippet:-1","max-image-preview":"max-image-preview:large","max-video-preview":"max-video-preview:-1"},"canonical":"https:\/\/www.petit-saint-honore.com\/en\/our-rooms\/twin-comfort-room\/","og_locale":"en_US","og_type":"article","og_title":"Twin Comfort Room | H\u00f4tel Petit Saint-Honor\u00e9, Paris 8th","og_description":"Enjoy your stay in one of the Twin Comfort Room at the H\u00f4tel Petit Saint-Honor\u00e9, Paris 8th. Book now!","og_url":"https:\/\/www.petit-saint-honore.com\/en\/our-rooms\/twin-comfort-room\/","og_site_name":"Hotel Saint Honor\u00e9 Paris","article_modified_time":"2022-03-17T16:01:26+00:00","twitter_card":"summary_large_image","twitter_misc":{"Est. reading time":"1 minute"},"schema":{"@context":"https:\/\/schema.org","@graph":[{"@type":"WebPage","@id":"https:\/\/www.petit-saint-honore.com\/en\/our-rooms\/twin-comfort-room\/","url":"https:\/\/www.petit-saint-honore.com\/en\/our-rooms\/twin-comfort-room\/","name":"Twin Comfort Room | H\u00f4tel Petit Saint-Honor\u00e9, Paris 8th","isPartOf":{"@id":"https:\/\/www.petit-saint-honore.com\/en\/#website"},"datePublished":"2022-01-31T13:18:42+00:00","dateModified":"2022-03-17T16:01:26+00:00","description":"Enjoy your stay in one of the Twin Comfort Room at the H\u00f4tel Petit Saint-Honor\u00e9, Paris 8th. Book now!","breadcrumb":{"@id":"https:\/\/www.petit-saint-honore.com\/en\/our-rooms\/twin-comfort-room\/#breadcrumb"},"inLanguage":"en-US","potentialAction":[{"@type":"ReadAction","target":["https:\/\/www.petit-saint-honore.com\/en\/our-rooms\/twin-comfort-room\/"]}]},{"@type":"BreadcrumbList","@id":"https:\/\/www.petit-saint-honore.com\/en\/our-rooms\/twin-comfort-room\/#breadcrumb","itemListElement":[{"@type":"ListItem","position":1,"name":"Home","item":"https:\/\/www.petit-saint-honore.com\/en\/"},{"@type":"ListItem","position":2,"name":"Our rooms","item":"https:\/\/www.petit-saint-honore.com\/en\/our-rooms\/"},{"@type":"ListItem","position":3,"name":"Twin Comfort Room"}]},{"@type":"WebSite","@id":"https:\/\/www.petit-saint-honore.com\/en\/#website","url":"https:\/\/www.petit-saint-honore.com\/en\/","name":"Hotel Saint Honor\u00e9 Paris","description":"","potentialAction":[{"@type":"SearchAction","target":{"@type":"EntryPoint","urlTemplate":"https:\/\/www.petit-saint-honore.com\/en\/?s={search_term_string}"},"query-input":{"@type":"PropertyValueSpecification","valueRequired":true,"valueName":"search_term_string"}}],"inLanguage":"en-US"}]}},"acf":[],"_links":{"self":[{"href":"https:\/\/www.petit-saint-honore.com\/en\/wp-json\/wp\/v2\/pages\/146","targetHints":{"allow":["GET"]}}],"collection":[{"href":"https:\/\/www.petit-saint-honore.com\/en\/wp-json\/wp\/v2\/pages"}],"about":[{"href":"https:\/\/www.petit-saint-honore.com\/en\/wp-json\/wp\/v2\/types\/page"}],"author":[{"embeddable":true,"href":"https:\/\/www.petit-saint-honore.com\/en\/wp-json\/wp\/v2\/users\/46"}],"replies":[{"embeddable":true,"href":"https:\/\/www.petit-saint-honore.com\/en\/wp-json\/wp\/v2\/comments?post=146"}],"version-history":[{"count":0,"href":"https:\/\/www.petit-saint-honore.com\/en\/wp-json\/wp\/v2\/pages\/146\/revisions"}],"up":[{"embeddable":true,"href":"https:\/\/www.petit-saint-honore.com\/en\/wp-json\/wp\/v2\/pages\/143"}],"wp:attachment":[{"href":"https:\/\/www.petit-saint-honore.com\/en\/wp-json\/wp\/v2\/media?parent=146"}],"curies":[{"name":"wp","href":"https:\/\/api.w.org\/{rel}","templated":true}]}}