{"id":140,"date":"2022-01-21T13:58:41","date_gmt":"2022-01-21T13:58:41","guid":{"rendered":"https:\/\/honore.ms.decms.eu\/sample-page\/"},"modified":"2022-03-07T13:33:11","modified_gmt":"2022-03-07T13:33:11","slug":"sample-page","status":"publish","type":"page","link":"https:\/\/www.petit-saint-honore.com\/en\/","title":{"rendered":"Welcome to the H\u00f4tel Petit Saint-Honor\u00e9"},"content":{"rendered":"<p style=\"text-align: center;\">Located at the heart of Paris, in the prestigious 8th arrondissement, the H\u00f4tel Petit Saint-Honor\u00e9 welcomes you in a warm and elegant atmosphere.<\/p>\n<p style=\"text-align: center;\">A stone&#8217;s throw from the Champs-\u00c9lys\u00e9es, the H\u00f4tel Petit Saint-Honor\u00e9 is close to the capital\u2019s most emblematic sites. In just a few minutes, you\u2019ll be at the foot of the Arc de Triomphe, in front of the legendary Op\u00e9ra Garnier or admiring Paris\u2019 finest historic and cultural sites.<br \/>\nWithin a few minutes of the H\u00f4tel Petit Saint-Honor\u00e9, you\u2019ll be able to visit museums and art galleries, shop and enjoy theatres and a host of restaurants.<br \/>\nIts highly accessible location means that all of Paris is within quick and easy reach for guests.<\/p>\n<h2 style=\"text-align: center;\">The H\u00f4tel Petit Saint-Honor\u00e9 \u2013 Comfort in Paris city centre<\/h2>\n<p style=\"text-align: center;\">Located at the heart of the historic 8th arrondissement of Paris, the Petit Saint-Honor\u00e9 boasts 19 comfortable and well-equipped rooms where you\u2019ll be able to rest after a day exploring or shopping, or before you begin a new Parisian adventure.<\/p>\n<h2 style=\"text-align: center;\">The H\u00f4tel Petit Saint-Honor\u00e9 at your service \u2013 Travel with peace of mind<\/h2>\n<p style=\"text-align: center;\">A multilingual team covers the hotel&#8217;s reception and concierge service 24\/7. Attentive to your needs and committed to giving you a quality stay, our team will be delighted to share their knowledge of the city and their top recommendations for the capital.<\/p>\n<p style=\"text-align: center;\">The following services are all available to you:<\/p>\n<p style=\"text-align: center;\">\u2022 Breakfast (included or for a supplement, depending on your chosen offer)<br \/>\n\u2022 Free Wi-Fi throughout the hotel<br \/>\n\u2022 Toiletries<br \/>\n\u2022 24-hr reception<br \/>\n\u2022 Left luggage service<\/p>\n<p style=\"text-align: center;\">Our establishment does not have rooms that can accommodate guests with reduced mobility.<\/p>\n<p style=\"text-align: center;\">Unfortunately, our hotel cannot comfortably accommodate pets.<\/p>\n","protected":false},"excerpt":{"rendered":"<p>Located at the heart of Paris, in the prestigious 8th arrondissement, the H\u00f4tel Petit Saint-Honor\u00e9 welcomes you in a warm and elegant atmosphere. A stone&#8217;s throw from the Champs-\u00c9lys\u00e9es, the H\u00f4tel Petit Saint-Honor\u00e9 is close to the capital\u2019s most emblematic sites. In just a few minutes, you\u2019ll be at the foot of the Arc de [&hellip;]<\/p>\n","protected":false},"author":46,"featured_media":0,"parent":0,"menu_order":10,"comment_status":"closed","ping_status":"closed","template":"","meta":{"footnotes":""},"class_list":["post-140","page","type-page","status-publish","hentry"],"yoast_head":"<!-- This site is optimized with the Yoast SEO plugin v26.9 - https:\/\/yoast.com\/product\/yoast-seo-wordpress\/ -->\n<title>H\u00f4tel Petit Saint-Honor\u00e9, Paris | Hotel in the 8th arrondissement of Paris<\/title>\n<meta name=\"description\" content=\"Welcome to the website of the H\u00f4tel Petit Saint-Honor\u00e9, a charming hotel in the 8th arrondissement, in the very centre of Paris.\" \/>\n<meta name=\"robots\" content=\"index, follow, max-snippet:-1, max-image-preview:large, max-video-preview:-1\" \/>\n<link rel=\"canonical\" href=\"https:\/\/www.petit-saint-honore.com\/en\/\" \/>\n<meta property=\"og:locale\" content=\"en_US\" \/>\n<meta property=\"og:type\" content=\"article\" \/>\n<meta property=\"og:title\" content=\"H\u00f4tel Petit Saint-Honor\u00e9, Paris | Hotel in the 8th arrondissement of Paris\" \/>\n<meta property=\"og:description\" content=\"Welcome to the website of the H\u00f4tel Petit Saint-Honor\u00e9, a charming hotel in the 8th arrondissement, in the very centre of Paris.\" \/>\n<meta property=\"og:url\" content=\"https:\/\/www.petit-saint-honore.com\/en\/\" \/>\n<meta property=\"og:site_name\" content=\"Hotel Saint Honor\u00e9 Paris\" \/>\n<meta property=\"article:modified_time\" content=\"2022-03-07T13:33:11+00:00\" \/>\n<meta name=\"twitter:card\" content=\"summary_large_image\" \/>\n<meta name=\"twitter:label1\" content=\"Est. reading time\" \/>\n\t<meta name=\"twitter:data1\" content=\"2 minutes\" \/>\n<script type=\"application\/ld+json\" class=\"yoast-schema-graph\">{\"@context\":\"https:\/\/schema.org\",\"@graph\":[{\"@type\":\"WebPage\",\"@id\":\"https:\/\/www.petit-saint-honore.com\/en\/\",\"url\":\"https:\/\/www.petit-saint-honore.com\/en\/\",\"name\":\"H\u00f4tel Petit Saint-Honor\u00e9, Paris | Hotel in the 8th arrondissement of Paris\",\"isPartOf\":{\"@id\":\"https:\/\/www.petit-saint-honore.com\/en\/#website\"},\"datePublished\":\"2022-01-21T13:58:41+00:00\",\"dateModified\":\"2022-03-07T13:33:11+00:00\",\"description\":\"Welcome to the website of the H\u00f4tel Petit Saint-Honor\u00e9, a charming hotel in the 8th arrondissement, in the very centre of Paris.\",\"breadcrumb\":{\"@id\":\"https:\/\/www.petit-saint-honore.com\/en\/#breadcrumb\"},\"inLanguage\":\"en-US\",\"potentialAction\":[{\"@type\":\"ReadAction\",\"target\":[\"https:\/\/www.petit-saint-honore.com\/en\/\"]}]},{\"@type\":\"BreadcrumbList\",\"@id\":\"https:\/\/www.petit-saint-honore.com\/en\/#breadcrumb\",\"itemListElement\":[{\"@type\":\"ListItem\",\"position\":1,\"name\":\"Home\",\"item\":\"https:\/\/www.petit-saint-honore.com\/en\/\"},{\"@type\":\"ListItem\",\"position\":2,\"name\":\"Welcome to the H\u00f4tel Petit Saint-Honor\u00e9\"}]},{\"@type\":\"WebSite\",\"@id\":\"https:\/\/www.petit-saint-honore.com\/en\/#website\",\"url\":\"https:\/\/www.petit-saint-honore.com\/en\/\",\"name\":\"Hotel Saint Honor\u00e9 Paris\",\"description\":\"\",\"potentialAction\":[{\"@type\":\"SearchAction\",\"target\":{\"@type\":\"EntryPoint\",\"urlTemplate\":\"https:\/\/www.petit-saint-honore.com\/en\/?s={search_term_string}\"},\"query-input\":{\"@type\":\"PropertyValueSpecification\",\"valueRequired\":true,\"valueName\":\"search_term_string\"}}],\"inLanguage\":\"en-US\"}]}<\/script>\n<!-- \/ Yoast SEO plugin. -->","yoast_head_json":{"title":"H\u00f4tel Petit Saint-Honor\u00e9, Paris | Hotel in the 8th arrondissement of Paris","description":"Welcome to the website of the H\u00f4tel Petit Saint-Honor\u00e9, a charming hotel in the 8th arrondissement, in the very centre of Paris.","robots":{"index":"index","follow":"follow","max-snippet":"max-snippet:-1","max-image-preview":"max-image-preview:large","max-video-preview":"max-video-preview:-1"},"canonical":"https:\/\/www.petit-saint-honore.com\/en\/","og_locale":"en_US","og_type":"article","og_title":"H\u00f4tel Petit Saint-Honor\u00e9, Paris | Hotel in the 8th arrondissement of Paris","og_description":"Welcome to the website of the H\u00f4tel Petit Saint-Honor\u00e9, a charming hotel in the 8th arrondissement, in the very centre of Paris.","og_url":"https:\/\/www.petit-saint-honore.com\/en\/","og_site_name":"Hotel Saint Honor\u00e9 Paris","article_modified_time":"2022-03-07T13:33:11+00:00","twitter_card":"summary_large_image","twitter_misc":{"Est. reading time":"2 minutes"},"schema":{"@context":"https:\/\/schema.org","@graph":[{"@type":"WebPage","@id":"https:\/\/www.petit-saint-honore.com\/en\/","url":"https:\/\/www.petit-saint-honore.com\/en\/","name":"H\u00f4tel Petit Saint-Honor\u00e9, Paris | Hotel in the 8th arrondissement of Paris","isPartOf":{"@id":"https:\/\/www.petit-saint-honore.com\/en\/#website"},"datePublished":"2022-01-21T13:58:41+00:00","dateModified":"2022-03-07T13:33:11+00:00","description":"Welcome to the website of the H\u00f4tel Petit Saint-Honor\u00e9, a charming hotel in the 8th arrondissement, in the very centre of Paris.","breadcrumb":{"@id":"https:\/\/www.petit-saint-honore.com\/en\/#breadcrumb"},"inLanguage":"en-US","potentialAction":[{"@type":"ReadAction","target":["https:\/\/www.petit-saint-honore.com\/en\/"]}]},{"@type":"BreadcrumbList","@id":"https:\/\/www.petit-saint-honore.com\/en\/#breadcrumb","itemListElement":[{"@type":"ListItem","position":1,"name":"Home","item":"https:\/\/www.petit-saint-honore.com\/en\/"},{"@type":"ListItem","position":2,"name":"Welcome to the H\u00f4tel Petit Saint-Honor\u00e9"}]},{"@type":"WebSite","@id":"https:\/\/www.petit-saint-honore.com\/en\/#website","url":"https:\/\/www.petit-saint-honore.com\/en\/","name":"Hotel Saint Honor\u00e9 Paris","description":"","potentialAction":[{"@type":"SearchAction","target":{"@type":"EntryPoint","urlTemplate":"https:\/\/www.petit-saint-honore.com\/en\/?s={search_term_string}"},"query-input":{"@type":"PropertyValueSpecification","valueRequired":true,"valueName":"search_term_string"}}],"inLanguage":"en-US"}]}},"acf":[],"_links":{"self":[{"href":"https:\/\/www.petit-saint-honore.com\/en\/wp-json\/wp\/v2\/pages\/140","targetHints":{"allow":["GET"]}}],"collection":[{"href":"https:\/\/www.petit-saint-honore.com\/en\/wp-json\/wp\/v2\/pages"}],"about":[{"href":"https:\/\/www.petit-saint-honore.com\/en\/wp-json\/wp\/v2\/types\/page"}],"author":[{"embeddable":true,"href":"https:\/\/www.petit-saint-honore.com\/en\/wp-json\/wp\/v2\/users\/46"}],"replies":[{"embeddable":true,"href":"https:\/\/www.petit-saint-honore.com\/en\/wp-json\/wp\/v2\/comments?post=140"}],"version-history":[{"count":0,"href":"https:\/\/www.petit-saint-honore.com\/en\/wp-json\/wp\/v2\/pages\/140\/revisions"}],"wp:attachment":[{"href":"https:\/\/www.petit-saint-honore.com\/en\/wp-json\/wp\/v2\/media?parent=140"}],"curies":[{"name":"wp","href":"https:\/\/api.w.org\/{rel}","templated":true}]}}